{"id":1744,"date":"2025-12-09T22:32:43","date_gmt":"2025-12-09T20:32:43","guid":{"rendered":"https:\/\/www.stadtkapelle-oettingen.de\/?page_id=1744"},"modified":"2026-04-19T18:50:57","modified_gmt":"2026-04-19T16:50:57","slug":"dirigenten-jugendkapelle","status":"publish","type":"page","link":"https:\/\/www.stadtkapelle-oettingen.de\/?page_id=1744","title":{"rendered":"Dirigenten Jugendkapelle"},"content":{"rendered":"\n<p>In der Jugendkapelle geben bei uns Ute Fuchs und Steffen M\u00fcller den Takt vor. Als langj\u00e4hrige Mitglieder sind beide aus unserem Verein kaum noch wegzudenken. Beide haben die C3-Pr\u00fcfung als Dirigenten abgeschlossen und sind schon viele Jahre in der musikalischen Ausbildung unseres Nachwuchses t\u00e4tig. Mit Spa\u00df, Motivation und viel Taktgef\u00fchl bereiten sie die jungen Musiker auf das neue Repertoire und das gemeinsame Musizieren vor. Ihr Motto in unserer Kapelle: &#8222;Tradition mit frischem Wind &#8211; Blasmusik verbindet&#8220;<\/p>\n","protected":false},"excerpt":{"rendered":"<p>In der Jugendkapelle geben bei uns Ute Fuchs und Steffen M\u00fcller den Takt vor. Als langj\u00e4hrige Mitglieder sind beide aus unserem Verein kaum noch wegzudenken. Beide haben die C3-Pr\u00fcfung als Dirigenten abgeschlossen und sind schon viele Jahre in der musikalischen Ausbildung unseres Nachwuchses t\u00e4tig. Mit Spa\u00df, Motivation und viel Taktgef\u00fchl bereiten sie die jungen Musiker auf das neue Repertoire und<\/p>\n<p><a class=\"more-link\" href=\"https:\/\/www.stadtkapelle-oettingen.de\/?page_id=1744\">Weiterlesen<\/a><\/p>\n","protected":false},"author":10,"featured_media":0,"parent":9,"menu_order":10,"comment_status":"closed","ping_status":"closed","template":"","meta":{"footnotes":""},"_links":{"self":[{"href":"https:\/\/www.stadtkapelle-oettingen.de\/index.php?rest_route=\/wp\/v2\/pages\/1744"}],"collection":[{"href":"https:\/\/www.stadtkapelle-oettingen.de\/index.php?rest_route=\/wp\/v2\/pages"}],"about":[{"href":"https:\/\/www.stadtkapelle-oettingen.de\/index.php?rest_route=\/wp\/v2\/types\/page"}],"author":[{"embeddable":true,"href":"https:\/\/www.stadtkapelle-oettingen.de\/index.php?rest_route=\/wp\/v2\/users\/10"}],"replies":[{"embeddable":true,"href":"https:\/\/www.stadtkapelle-oettingen.de\/index.php?rest_route=%2Fwp%2Fv2%2Fcomments&post=1744"}],"version-history":[{"count":3,"href":"https:\/\/www.stadtkapelle-oettingen.de\/index.php?rest_route=\/wp\/v2\/pages\/1744\/revisions"}],"predecessor-version":[{"id":1882,"href":"https:\/\/www.stadtkapelle-oettingen.de\/index.php?rest_route=\/wp\/v2\/pages\/1744\/revisions\/1882"}],"up":[{"embeddable":true,"href":"https:\/\/www.stadtkapelle-oettingen.de\/index.php?rest_route=\/wp\/v2\/pages\/9"}],"wp:attachment":[{"href":"https:\/\/www.stadtkapelle-oettingen.de\/index.php?rest_route=%2Fwp%2Fv2%2Fmedia&parent=1744"}],"curies":[{"name":"wp","href":"https:\/\/api.w.org\/{rel}","templated":true}]}}